{"id":92,"date":"2019-07-21T10:11:19","date_gmt":"2019-07-21T10:11:19","guid":{"rendered":"https:\/\/fox.withemes.com\/classic\/?page_id=92"},"modified":"2023-08-26T01:41:54","modified_gmt":"2023-08-26T01:41:54","slug":"about","status":"publish","type":"page","link":"https:\/\/noticiasdenayarit.com\/about\/","title":{"rendered":"El Proyecto"},"content":{"rendered":"<div class=\"wp-block-image\">\n<figure class=\"alignright size-large is-resized\"><img loading=\"lazy\" decoding=\"async\" sizes=\"auto, (max-width: 1024px) 100vw, 1024px\" src=\"https:\/\/noticiasdenayarit.com\/wp-content\/uploads\/2023\/08\/DSCF0818-1024x768.jpg\" alt=\"\" class=\"wp-image-3010\" style=\"width:301px;height:226px\" width=\"301\" height=\"226\" srcset=\"https:\/\/noticiasdenayarit.com\/wp-content\/uploads\/2023\/08\/DSCF0818-1024x768.jpg 1024w, https:\/\/noticiasdenayarit.com\/wp-content\/uploads\/2023\/08\/DSCF0818-300x225.jpg 300w, https:\/\/noticiasdenayarit.com\/wp-content\/uploads\/2023\/08\/DSCF0818-768x576.jpg 768w, https:\/\/noticiasdenayarit.com\/wp-content\/uploads\/2023\/08\/DSCF0818-1536x1152.jpg 1536w, https:\/\/noticiasdenayarit.com\/wp-content\/uploads\/2023\/08\/DSCF0818-480x360.jpg 480w, https:\/\/noticiasdenayarit.com\/wp-content\/uploads\/2023\/08\/DSCF0818-600x450.jpg 600w, https:\/\/noticiasdenayarit.com\/wp-content\/uploads\/2023\/08\/DSCF0818.jpg 2048w\" \/><figcaption class=\"wp-element-caption\">Digitalizaci\u00f3n de peri\u00f3dicos en 2006. <\/figcaption><\/figure>\n<\/div>\n\n\n<p class=\"has-drop-cap\">El proyecto de Digitalizaci\u00f3n Documental de la Direcci\u00f3n de Desarrollo Bibliotecario de la Universidad Aut\u00f3noma de Nayarit comenz\u00f3 a desarrollarse en el a\u00f1o 2003 con la conversi\u00f3n a formato digital de la colecci\u00f3n de peri\u00f3dicos El Nayar.<\/p>\n\n\n\n<p>El \u00fanico equipo utilizado en aquel entonces era un tripi\u00e9 y una c\u00e1mara fotogr\u00e1fica FujiFilm FinePix S5000 lo que hac\u00eda que el proceso de captura y edici\u00f3n fuera lento, por lo que en el a\u00f1o 2010 se adquiri\u00f3 un esc\u00e1ner profesional Atiz BookDrive Pro, el cual permiti\u00f3 agilizar la digitalizaci\u00f3n de peri\u00f3dicos, permitiendo avanzar considerablemente en el respaldo de las colecciones.<\/p>\n\n\n\n<p>En 2014 se desarroll\u00f3 la primera versi\u00f3n de la Hemeroteca Digital de Nayarit con las colecciones Lucifer, El Tepique\u00f1o, Diario del Pac\u00edfico y El Nayar, posteriormente fueron agregadas Correo del Pac\u00edfico, Vanguardia, Meridiano entre otras.<\/p>\n\n\n<div class=\"wp-block-image\">\n<figure class=\"alignleft size-large is-resized\"><img loading=\"lazy\" decoding=\"async\" sizes=\"auto, (max-width: 1024px) 100vw, 1024px\" src=\"https:\/\/noticiasdenayarit.com\/wp-content\/uploads\/2023\/08\/scanner-atiz-1024x768.jpg\" alt=\"\" class=\"wp-image-3011\" style=\"width:250px;height:188px\" width=\"250\" height=\"188\" srcset=\"https:\/\/noticiasdenayarit.com\/wp-content\/uploads\/2023\/08\/scanner-atiz-1024x768.jpg 1024w, https:\/\/noticiasdenayarit.com\/wp-content\/uploads\/2023\/08\/scanner-atiz-300x225.jpg 300w, https:\/\/noticiasdenayarit.com\/wp-content\/uploads\/2023\/08\/scanner-atiz-768x576.jpg 768w, https:\/\/noticiasdenayarit.com\/wp-content\/uploads\/2023\/08\/scanner-atiz-480x360.jpg 480w, https:\/\/noticiasdenayarit.com\/wp-content\/uploads\/2023\/08\/scanner-atiz-600x450.jpg 600w, https:\/\/noticiasdenayarit.com\/wp-content\/uploads\/2023\/08\/scanner-atiz.jpg 1305w\" \/><figcaption class=\"wp-element-caption\">Esc\u00e1ner Atiz BookDrive Pro<\/figcaption><\/figure>\n<\/div>\n\n\n<p>La digitalizaci\u00f3n de peri\u00f3dicos permitir\u00e1 a las futuras generaciones disponer de la informaci\u00f3n en un soporte digital, con una mejor organizaci\u00f3n y de f\u00e1cil recuperaci\u00f3n.<\/p>\n\n\n\n<p>Actualmente seguimos digitalizando colecciones de peri\u00f3dicos regionales, as\u00ed como microfilmes, videocassettes, cassettes y archivos hist\u00f3ricos universitarios que pr\u00f3ximamente ser\u00e1n integrados a la Hemeroteca Digital de Nayarit.<\/p>\n\n\n\n<p>Ha sido un largo camino de retos y aprendizaje. Esta plataforma est\u00e1 dedicada a todos los que han puesto su granito de arena, pero sobre todo a la sociedad nayarita y su historia.<\/p>\n","protected":false},"excerpt":{"rendered":"<p>El proyecto de Digitalizaci\u00f3n Documental de la Direcci\u00f3n de Desarrollo Bibliotecario de la Universidad Aut\u00f3noma de Nayarit comenz\u00f3 a desarrollarse en el a\u00f1o 2003 con la conversi\u00f3n a formato digital de la colecci\u00f3n de peri\u00f3dicos El Nayar. El \u00fanico equipo utilizado en aquel entonces era un tripi\u00e9 y una c\u00e1mara fotogr\u00e1fica FujiFilm FinePix S5000 lo que hac\u00eda que el proceso de captura y edici\u00f3n fuera lento, por lo que en el a\u00f1o 2010 se adquiri\u00f3 un esc\u00e1ner profesional Atiz BookDrive Pro, el cual permiti\u00f3 agilizar la digitalizaci\u00f3n de peri\u00f3dicos, permitiendo avanzar considerablemente en el respaldo de las colecciones. En 2014<\/p>\n","protected":false},"author":1,"featured_media":0,"parent":0,"menu_order":0,"comment_status":"closed","ping_status":"closed","template":"","meta":{"footnotes":""},"class_list":["post-92","page","type-page","status-publish","hentry"],"_links":{"self":[{"href":"https:\/\/noticiasdenayarit.com\/wp-json\/wp\/v2\/pages\/92","targetHints":{"allow":["GET"]}}],"collection":[{"href":"https:\/\/noticiasdenayarit.com\/wp-json\/wp\/v2\/pages"}],"about":[{"href":"https:\/\/noticiasdenayarit.com\/wp-json\/wp\/v2\/types\/page"}],"author":[{"embeddable":true,"href":"https:\/\/noticiasdenayarit.com\/wp-json\/wp\/v2\/users\/1"}],"replies":[{"embeddable":true,"href":"https:\/\/noticiasdenayarit.com\/wp-json\/wp\/v2\/comments?post=92"}],"version-history":[{"count":2,"href":"https:\/\/noticiasdenayarit.com\/wp-json\/wp\/v2\/pages\/92\/revisions"}],"predecessor-version":[{"id":3021,"href":"https:\/\/noticiasdenayarit.com\/wp-json\/wp\/v2\/pages\/92\/revisions\/3021"}],"wp:attachment":[{"href":"https:\/\/noticiasdenayarit.com\/wp-json\/wp\/v2\/media?parent=92"}],"curies":[{"name":"wp","href":"https:\/\/api.w.org\/{rel}","templated":true}]}}