{"id":3166,"date":"2023-09-19T20:03:12","date_gmt":"2023-09-20T02:03:12","guid":{"rendered":"https:\/\/noticiasdenayarit.com\/?page_id=3166"},"modified":"2026-03-04T10:07:42","modified_gmt":"2026-03-04T16:07:42","slug":"meridiano-de-nayarit","status":"publish","type":"page","link":"https:\/\/noticiasdenayarit.com\/meridiano-de-nayarit\/","title":{"rendered":"Meridiano de Nayarit"},"content":{"rendered":"\n<p><strong>Direcci\u00f3n: <\/strong>Jos\u00e9 Luis David Alfaro \/ Mar\u00eda del Carmen \u00c1vila Lepe<\/p>\n\n\n\n<p><strong>Direcci\u00f3n T\u00e9cnica:<\/strong> Antonio P\u00e9rez Cisneros<\/p>\n\n\n\n<p><strong>Administraci\u00f3n: <\/strong>Cora Leticia P\u00e9rez Pe\u00f1a<\/p>\n\n\n\n<p><strong>Circulaci\u00f3n:<\/strong> 30 de julio 1986 &#8211; actual<\/p>\n\n\n\n\n\n<p><\/p>\n","protected":false},"excerpt":{"rendered":"<p>Direcci\u00f3n: Jos\u00e9 Luis David Alfaro \/ Mar\u00eda del Carmen \u00c1vila Lepe Direcci\u00f3n T\u00e9cnica: Antonio P\u00e9rez Cisneros Administraci\u00f3n: Cora Leticia P\u00e9rez Pe\u00f1a Circulaci\u00f3n: 30 de julio 1986 &#8211; actual<\/p>\n","protected":false},"author":1,"featured_media":0,"parent":0,"menu_order":0,"comment_status":"closed","ping_status":"closed","template":"","meta":{"footnotes":""},"class_list":["post-3166","page","type-page","status-publish","hentry"],"_links":{"self":[{"href":"https:\/\/noticiasdenayarit.com\/wp-json\/wp\/v2\/pages\/3166","targetHints":{"allow":["GET"]}}],"collection":[{"href":"https:\/\/noticiasdenayarit.com\/wp-json\/wp\/v2\/pages"}],"about":[{"href":"https:\/\/noticiasdenayarit.com\/wp-json\/wp\/v2\/types\/page"}],"author":[{"embeddable":true,"href":"https:\/\/noticiasdenayarit.com\/wp-json\/wp\/v2\/users\/1"}],"replies":[{"embeddable":true,"href":"https:\/\/noticiasdenayarit.com\/wp-json\/wp\/v2\/comments?post=3166"}],"version-history":[{"count":4,"href":"https:\/\/noticiasdenayarit.com\/wp-json\/wp\/v2\/pages\/3166\/revisions"}],"predecessor-version":[{"id":4324,"href":"https:\/\/noticiasdenayarit.com\/wp-json\/wp\/v2\/pages\/3166\/revisions\/4324"}],"wp:attachment":[{"href":"https:\/\/noticiasdenayarit.com\/wp-json\/wp\/v2\/media?parent=3166"}],"curies":[{"name":"wp","href":"https:\/\/api.w.org\/{rel}","templated":true}]}}