{"id":2894,"date":"2023-04-28T20:32:12","date_gmt":"2023-04-28T20:32:12","guid":{"rendered":"https:\/\/noticiasdenayarit.com\/?page_id=2894"},"modified":"2026-03-04T10:00:33","modified_gmt":"2026-03-04T16:00:33","slug":"el-observador-de-nayarit","status":"publish","type":"page","link":"https:\/\/noticiasdenayarit.com\/el-observador-de-nayarit\/","title":{"rendered":"El Observador de Nayarit"},"content":{"rendered":"\n<p>El Observador de Nayarit<\/p>\n\n\n\n<p>Diario<\/p>\n\n\n\n<p><strong>Circulaci\u00f3n:<\/strong> 1975-<\/p>\n\n\n\n<p><strong>Director:<\/strong> Jaime A. Gonz\u00e1lez Ram\u00edrez<\/p>\n\n\n\n<p><strong>Gerente: <\/strong>Enrique Hern\u00e1ndez Zavalza<\/p>\n\n\n\n<p><strong>Subdirector:<\/strong> Luis E. Gonz\u00e1lez Becerra<\/p>\n\n\n\n<p><strong>Editorial:<\/strong> Hispano Mexicana S.A.<\/p>\n\n\n\n<p><strong>Ciudad: <\/strong>Tepic<\/p>\n\n\n\n<p><strong>Colaboradores:<\/strong> Pedro L\u00f3pez D\u00edaz, Emigdio Hern\u00e1ndez D\u00edaz, Julio Casillas Barajas y Alberto Casillas Larios<\/p>\n\n\n\n\n\n<p><\/p>\n","protected":false},"excerpt":{"rendered":"<p>El Observador de Nayarit Diario Circulaci\u00f3n: 1975- Director: Jaime A. Gonz\u00e1lez Ram\u00edrez Gerente: Enrique Hern\u00e1ndez Zavalza Subdirector: Luis E. Gonz\u00e1lez Becerra Editorial: Hispano Mexicana S.A. Ciudad: Tepic Colaboradores: Pedro L\u00f3pez D\u00edaz, Emigdio Hern\u00e1ndez D\u00edaz, Julio Casillas Barajas y Alberto Casillas Larios<\/p>\n","protected":false},"author":1,"featured_media":0,"parent":0,"menu_order":0,"comment_status":"closed","ping_status":"closed","template":"","meta":{"footnotes":""},"class_list":["post-2894","page","type-page","status-publish","hentry"],"_links":{"self":[{"href":"https:\/\/noticiasdenayarit.com\/wp-json\/wp\/v2\/pages\/2894","targetHints":{"allow":["GET"]}}],"collection":[{"href":"https:\/\/noticiasdenayarit.com\/wp-json\/wp\/v2\/pages"}],"about":[{"href":"https:\/\/noticiasdenayarit.com\/wp-json\/wp\/v2\/types\/page"}],"author":[{"embeddable":true,"href":"https:\/\/noticiasdenayarit.com\/wp-json\/wp\/v2\/users\/1"}],"replies":[{"embeddable":true,"href":"https:\/\/noticiasdenayarit.com\/wp-json\/wp\/v2\/comments?post=2894"}],"version-history":[{"count":5,"href":"https:\/\/noticiasdenayarit.com\/wp-json\/wp\/v2\/pages\/2894\/revisions"}],"predecessor-version":[{"id":4322,"href":"https:\/\/noticiasdenayarit.com\/wp-json\/wp\/v2\/pages\/2894\/revisions\/4322"}],"wp:attachment":[{"href":"https:\/\/noticiasdenayarit.com\/wp-json\/wp\/v2\/media?parent=2894"}],"curies":[{"name":"wp","href":"https:\/\/api.w.org\/{rel}","templated":true}]}}