{"id":2851,"date":"2023-04-21T20:32:30","date_gmt":"2023-04-21T20:32:30","guid":{"rendered":"https:\/\/noticiasdenayarit.com\/?page_id=2851"},"modified":"2026-02-25T22:49:40","modified_gmt":"2026-02-26T04:49:40","slug":"el-nayar","status":"publish","type":"page","link":"https:\/\/noticiasdenayarit.com\/el-nayar\/","title":{"rendered":"El Nayar"},"content":{"rendered":"\n<p>Semanario\/Diario<\/p>\n\n\n\n<p><strong>Circulaci\u00f3n: <\/strong>1942-1986<\/p>\n\n\n\n<p><strong>Director: <\/strong>Antonio P\u00e9rez Cisneros<\/p>\n\n\n\n<p><strong>Subdirector: <\/strong>Miguel P\u00e9rez Cisneros<\/p>\n\n\n\n<p><strong>Talleres:<\/strong> El Nayar<\/p>\n\n\n\n<p><strong>Ciudad:<\/strong> Tepic<\/p>\n\n\n\n<p><strong>Colaboradores:<\/strong> Pedro L\u00f3pez D\u00edaz, Eugenio Noriega Robles, Nemesio Garc\u00eda Naranjo, Concha Mo\u00f1os, Alicia Ocampo y Richards.<\/p>\n\n\n\n\n\n<p><\/p>\n","protected":false},"excerpt":{"rendered":"<p>Semanario\/Diario Circulaci\u00f3n: 1942-1986 Director: Antonio P\u00e9rez Cisneros Subdirector: Miguel P\u00e9rez Cisneros Talleres: El Nayar Ciudad: Tepic Colaboradores: Pedro L\u00f3pez D\u00edaz, Eugenio Noriega Robles, Nemesio Garc\u00eda Naranjo, Concha Mo\u00f1os, Alicia Ocampo y Richards.<\/p>\n","protected":false},"author":1,"featured_media":0,"parent":0,"menu_order":0,"comment_status":"closed","ping_status":"closed","template":"","meta":{"footnotes":""},"class_list":["post-2851","page","type-page","status-publish","hentry"],"_links":{"self":[{"href":"https:\/\/noticiasdenayarit.com\/wp-json\/wp\/v2\/pages\/2851","targetHints":{"allow":["GET"]}}],"collection":[{"href":"https:\/\/noticiasdenayarit.com\/wp-json\/wp\/v2\/pages"}],"about":[{"href":"https:\/\/noticiasdenayarit.com\/wp-json\/wp\/v2\/types\/page"}],"author":[{"embeddable":true,"href":"https:\/\/noticiasdenayarit.com\/wp-json\/wp\/v2\/users\/1"}],"replies":[{"embeddable":true,"href":"https:\/\/noticiasdenayarit.com\/wp-json\/wp\/v2\/comments?post=2851"}],"version-history":[{"count":7,"href":"https:\/\/noticiasdenayarit.com\/wp-json\/wp\/v2\/pages\/2851\/revisions"}],"predecessor-version":[{"id":4256,"href":"https:\/\/noticiasdenayarit.com\/wp-json\/wp\/v2\/pages\/2851\/revisions\/4256"}],"wp:attachment":[{"href":"https:\/\/noticiasdenayarit.com\/wp-json\/wp\/v2\/media?parent=2851"}],"curies":[{"name":"wp","href":"https:\/\/api.w.org\/{rel}","templated":true}]}}